{"id":2024,"date":"2025-06-08T12:54:24","date_gmt":"2025-06-08T10:54:24","guid":{"rendered":"https:\/\/www.vojtaviolinist.com\/?page_id=2024"},"modified":"2025-06-08T12:56:36","modified_gmt":"2025-06-08T10:56:36","slug":"o-kapele","status":"publish","type":"page","link":"https:\/\/www.vojtaviolinist.com\/en\/o-kapele\/","title":{"rendered":"O KAPELE"},"content":{"rendered":"<section class=\"wpb-content-wrapper\"><div  class=\"vc_row wpb_row vc_row-fluid vc_custom_1749379563368 full_width\"><div class=\"wpb_column vc_column_container vc_col-sm-12\"><div class=\"vc_column-inner\"><div class=\"wpb_wrapper\"><\/div><\/div><\/div><\/div><div  class=\"vc_column-gap-5 vc_row wpb_row vc_row-fluid in_container\"><div class=\"wpb_column vc_column_container vc_col-sm-12\"><div class=\"vc_column-inner\"><div class=\"wpb_wrapper\"><h1 style=\"color: #000000;text-align: center\" class=\"vc_custom_heading vc_custom_1668098182485 fit_bg_text  fit_bg_center\">O n\u00e1s<\/h1>\t<div class=\"dividerwrap\" style=\"padding-top:px; padding-bottom:px;\">\r\n\t\t<div class=\"imagedivider center\">\r\n\t\t<img decoding=\"async\" src=\"https:\/\/www.vojtaviolinist.com\/wp-content\/uploads\/2022\/10\/white-divider.png\" class=\"imagedividerpic\" alt=\"divider\">\r\n\t\t<\/div>\r\n\t\t<div class=\"clear\"><\/div>\r\n\t<\/div>\n\t<div class=\"wpb_text_column wpb_content_element  vc_custom_1749380188035\" >\n\t\t<div class=\"wpb_wrapper\">\n\t\t\t<p class=\"p1\"><span class=\"s1\">Vojta je multiinstrumentalista a skladatel, kter\u00fd\u00a0<\/span><span class=\"s2\">za pomoc\u00ed looperu vytv\u00e1\u0159\u00ed hudbu, kdy kombinuje housle, didgeridoo, \u0159eck\u00e9 buzuki, fl\u00e9tny a perkuse do n\u00e1dhern\u00fdch skladeb a\u00a0<\/span><span class=\"s3\">nezam\u011bniteln\u00fdch harmoni\u00ed.<\/span><span class=\"s2\">\u00a0Zn\u00ed to t\u00e9m\u011b\u0159 jako by hr\u00e1la cel\u00e1 kapela. N<\/span><span class=\"s3\">a p\u00f3diu tak\u00e9 \u010dasto vznikaj\u00ed neopakovateln\u00e9 improvizovan\u00e9 pas\u00e1\u017ee.\u00a0<\/span><span class=\"s1\">V\u00fdsledkem je osobit\u00fd hudebn\u00ed proud, propojuj\u00edc\u00ed world music, keltsk\u00e9 a etnick\u00e9 motivy s p\u0159\u00edrodn\u00edmi rytmy a hlubokou vnit\u0159n\u00ed n\u00e1ladou.<\/span><\/p>\n<p class=\"p1\"><span class=\"s1\">Na vystoupen\u00ed jej doprov\u00e1z\u00ed zp\u011bva\u010dka\u00a0<b>Myrith<\/b>, kter\u00e1 do hudby vn\u00e1\u0161\u00ed jemnost, \u017eenskou hloubku, intuitivn\u00ed hlasov\u00fd projev i rytmickou podporu. Jej\u00ed hlas v harmonii s Vojtov\u00fdm zp\u011bvem vytv\u00e1\u0159\u00ed jedine\u010dn\u00fd mu\u017esko-\u017eensk\u00fd dvojhlas, kter\u00fd rozezn\u00ed srdce i prostor.<\/span><\/p>\n<p class=\"p1\"><span class=\"s1\">P\u0159\u00edle\u017eitostn\u011b s nimi vystupuje i buben\u00edk\u00a0<b>Viktor Vlk<\/b>, kter\u00fd sv\u00fdm dynamick\u00fdm rytmem roz\u0161i\u0159uje zvukov\u00e9 spektrum koncertu o pulzuj\u00edc\u00ed energii. Jeho hra rozh\u00fdbe publikum a vytv\u00e1\u0159\u00ed pevnou oporu pro tane\u010dn\u011b lad\u011bn\u00e9 pas\u00e1\u017ee.<\/span><\/p>\n<p class=\"p1\"><span class=\"s1\">Spole\u010dn\u011b tvo\u0159\u00ed hudebn\u00ed z\u00e1\u017eitek, kter\u00fd propojuje srdce, t\u011blo i ducha \u2013 zve k tich\u00e9mu soust\u0159ed\u011bn\u00ed i \u017eiv\u00e9mu pohybu.<\/span><\/p>\n<p class=\"p1\"><span class=\"s1\">Krom\u011b koncertov\u00e1n\u00ed na p\u00f3diu se Vojta s Myrith spole\u010dn\u011b v\u011bnuj\u00ed i dal\u0161\u00edmu projektu, kter\u00fd se jmenuje \u201cHudebn\u00ed L\u00e1zn\u011b\u201d. Jedn\u00e1 se o hudebn\u00ed relaxaci a meditaci, kde se snoub\u00ed t\u00f3ny a zvuky r\u016fzn\u00fdch n\u00e1stroj\u016f jako jsou didgeridoo, handpan, fl\u00e9tny, tibetsk\u00e9 m\u00edsy, \u0161amansk\u00e9 bubny, chrast\u00edtka, zp\u011bv a mnoho dal\u0161\u00edch muziko-terapeutick\u00fdch n\u00e1stroj\u016f. Je to spojen\u00ed p\u0159irozen\u00e9 l\u00e9\u010div\u00e9 podstaty zvuku s hudebn\u011b a um\u011blecky lad\u011bn\u00fdm proudem hudby.<\/span><\/p>\n<p class=\"p1\"><span class=\"s1\">Lid\u00e9 zde \u010dasto nach\u00e1zej\u00ed prostor pro hlubok\u00e9 uvoln\u011bn\u00ed, b\u00e1d\u00e1n\u00ed ve sv\u00e9m nitru a na\u010derp\u00e1n\u00ed nov\u00fdch sil.<\/span><\/p>\n\n\t\t<\/div>\n\t<\/div>\n<div class=\"vc_separator wpb_content_element vc_separator_align_center vc_sep_width_100 vc_sep_pos_align_center vc_separator_no_text vc_sep_color_grey\" ><span class=\"vc_sep_holder vc_sep_holder_l\"><span class=\"vc_sep_line\"><\/span><\/span><span class=\"vc_sep_holder vc_sep_holder_r\"><span class=\"vc_sep_line\"><\/span><\/span>\n<\/div><\/div><\/div><\/div><\/div>\n<\/section>","protected":false},"excerpt":{"rendered":"O n\u00e1s Vojta je multiinstrumentalista a skladatel, kter\u00fd\u00a0za pomoc\u00ed looperu vytv\u00e1\u0159\u00ed hudbu, kdy kombinuje housle, didgeridoo, \u0159eck\u00e9 buzuki, fl\u00e9tny a perkuse do n\u00e1dhern\u00fdch skladeb a\u00a0nezam\u011bniteln\u00fdch harmoni\u00ed.\u00a0Zn\u00ed to t\u00e9m\u011b\u0159 jako by hr\u00e1la cel\u00e1 kapela. Na p\u00f3diu tak\u00e9 \u010dasto vznikaj\u00ed neopakovateln\u00e9 improvizovan\u00e9 pas\u00e1\u017ee.\u00a0V\u00fdsledkem je osobit\u00fd hudebn\u00ed proud, propojuj\u00edc\u00ed world music, keltsk\u00e9 a etnick\u00e9 motivy s p\u0159\u00edrodn\u00edmi rytmy a hlubokou vnit\u0159n\u00ed n\u00e1ladou. Na vystoupen\u00ed jej doprov\u00e1z\u00ed zp\u011bva\u010dka\u00a0Myrith, kter\u00e1 do hudby vn\u00e1\u0161\u00ed jemnost, \u017eenskou hloubku, intuitivn\u00ed hlasov\u00fd projev i rytmickou podporu. Jej\u00ed hlas v [...]","protected":false},"author":2,"featured_media":0,"parent":0,"menu_order":1,"comment_status":"closed","ping_status":"closed","template":"","meta":{"_acf_changed":false,"footnotes":""},"acf":[],"_links":{"self":[{"href":"https:\/\/www.vojtaviolinist.com\/en\/wp-json\/wp\/v2\/pages\/2024"}],"collection":[{"href":"https:\/\/www.vojtaviolinist.com\/en\/wp-json\/wp\/v2\/pages"}],"about":[{"href":"https:\/\/www.vojtaviolinist.com\/en\/wp-json\/wp\/v2\/types\/page"}],"author":[{"embeddable":true,"href":"https:\/\/www.vojtaviolinist.com\/en\/wp-json\/wp\/v2\/users\/2"}],"replies":[{"embeddable":true,"href":"https:\/\/www.vojtaviolinist.com\/en\/wp-json\/wp\/v2\/comments?post=2024"}],"version-history":[{"count":3,"href":"https:\/\/www.vojtaviolinist.com\/en\/wp-json\/wp\/v2\/pages\/2024\/revisions"}],"predecessor-version":[{"id":2027,"href":"https:\/\/www.vojtaviolinist.com\/en\/wp-json\/wp\/v2\/pages\/2024\/revisions\/2027"}],"wp:attachment":[{"href":"https:\/\/www.vojtaviolinist.com\/en\/wp-json\/wp\/v2\/media?parent=2024"}],"curies":[{"name":"wp","href":"https:\/\/api.w.org\/{rel}","templated":true}]}}