{"id":12,"date":"2016-05-22T19:08:44","date_gmt":"2016-05-22T19:08:44","guid":{"rendered":"https:\/\/www.vojtaviolinist.com\/?page_id=12"},"modified":"2026-02-07T23:26:26","modified_gmt":"2026-02-07T22:26:26","slug":"home","status":"publish","type":"page","link":"https:\/\/www.vojtaviolinist.com\/en\/","title":{"rendered":"Domu"},"content":{"rendered":"<section class=\"wpb-content-wrapper\"><div  class=\"vc_row wpb_row vc_row-fluid full_width\"><div class=\"wpb_column vc_column_container vc_col-sm-12\"><div class=\"vc_column-inner\"><div class=\"wpb_wrapper\">\n\t\t\t<!-- START Slider 1 REVOLUTION SLIDER 6.6.16 --><p class=\"rs-p-wp-fix\"><\/p>\n\t\t\t<rs-module-wrap id=\"rev_slider_8_1_wrapper\" data-source=\"gallery\" style=\"visibility:hidden;background:transparent;padding:0;\">\n\t\t\t\t<rs-module id=\"rev_slider_8_1\" style=\"\" data-version=\"6.6.16\">\n\t\t\t\t\t<rs-slides style=\"overflow: hidden; position: absolute;\">\n\t\t\t\t\t\t<rs-slide style=\"position: absolute;\" data-key=\"rs-12\" data-title=\"Slide\" data-anim=\"p:dark;\" data-in=\"o:-0.5;sx:1.6;sy:1.6;e:power0.inOut;\" data-out=\"o:0;sx:0.6;sy:0.6;\">\n\t\t\t\t\t\t\t<img decoding=\"async\" src=\"\/\/www.vojtaviolinist.com\/wp-content\/plugins\/revslider\/public\/assets\/assets\/dummy.png\" alt=\"\" title=\"WEB main\" width=\"2484\" height=\"2557\" class=\"rev-slidebg tp-rs-img rs-lazyload\" data-lazyload=\"\/\/www.vojtaviolinist.com\/wp-content\/uploads\/2026\/01\/WEB-main.jpg\" data-no-retina>\n<!---->\t\t\t\t\t\t<\/rs-slide>\n\t\t\t\t\t<\/rs-slides>\n\t\t\t\t<\/rs-module>\n\t\t\t\t<script>\n\t\t\t\t\tsetREVStartSize({c: 'rev_slider_8_1',rl:[1240,1024,778,480],el:[900,768,960,592],gw:[1240,1024,778,480],gh:[900,768,960,720],type:'standard',justify:'',layout:'fullscreen',offsetContainer:'',offset:'',mh:\"0\"});if (window.RS_MODULES!==undefined && window.RS_MODULES.modules!==undefined && window.RS_MODULES.modules[\"revslider81\"]!==undefined) {window.RS_MODULES.modules[\"revslider81\"].once = false;window.revapi8 = undefined;if (window.RS_MODULES.checkMinimal!==undefined) window.RS_MODULES.checkMinimal()}\n\t\t\t\t<\/script>\n\t\t\t<\/rs-module-wrap>\n\t\t\t<!-- END REVOLUTION SLIDER -->\n<\/div><\/div><\/div><\/div><div  class=\"vc_row wpb_row vc_row-fluid vc_custom_1665668772035 in_container\"><div class=\"wpb_column vc_column_container vc_col-sm-12\"><div class=\"vc_column-inner\"><div class=\"wpb_wrapper\"><h2 style=\"font-size: 17px;color: #ca8837;line-height: 17px;text-align: center\" class=\"vc_custom_heading vc_custom_1665669446174\">NEJNOV\u011aJ\u0160\u00cd ALBUM<\/h2><article class=\"widget  iron_widget_radio playlist_enabled\"><div class=\"iron-audioplayer wpb_column vc_column_container  show-playlist\" id=\"arbitrary-instance-69e0dd6f8aa6b\" data-autoplay=\"\" data-url-playlist=\"https:\/\/www.vojtaviolinist.com\/en\/?load=playlist.json&#038;title=&#038;albums=39\" >\r\n\t\t\t\t<div class=\"wpb_column vc_col-sm-12 vc_col-md-6\">\r\n\t\t\t\t\t<div class=\"album\">\r\n\t\t\t\t\t\t<div class=\"album-art\"><img decoding=\"async\" src=\"https:\/\/www.vojtaviolinist.com\/wp-content\/themes\/croma\/images\/defaultpx.png\" alt=\"album-art\"><\/div>\r\n\t\t\t\t\t<\/div>\r\n\t\t\t\t<\/div>\r\n\t\t\t\t<div class=\"wpb_column vc_col-sm-12 vc_col-md-6\">\r\n\t\t\t\t\t<div class=\"playlist\">\r\n\t\t\t\t\t\t<h1 class=\"cr_it-playlist-title\">Rhythms of the Valley<\/h1><div class=\"cr_it-playlist-artists\">By <span class=\"cr_it-artists-value\">Vojta Violinist<\/span><\/div>\r\n\t\t\t\t\t\t<div class=\"cr_it-playlist-release-date\">Release date: <span class=\"cr_it-date-value\">2019-02-14<\/span><\/div>\r\n\t\t\t\t\t\t<ul><li data-audiopath=\"https:\/\/www.vojtaviolinist.com\/wp-content\/uploads\/2016\/05\/Vojta-Rhythms-of-the-Valley-01-Rhythms-of-the-Valley.mp3\" data-showloading=\"true\"  data-albumtitle=\"Rhythms of the Valley\" data-albumart=\"https:\/\/www.vojtaviolinist.com\/wp-content\/uploads\/2016\/05\/Front-1-559x559.jpg\"data-trackartists=\"Vojta Violinist\"data-releasedate=\"2019-02-14\" data-tracktitle=\"Rhythms of the Valley\"><a class=\"button\" target=\"_blank\" href=\"https:\/\/www.vojtaviolinist.com\/wp-content\/uploads\/2022\/10\/Vojta-Rhythms-of-the-Valley-01-Rhythms-of-the-Valley.zip\">st\u00e1hnout<\/a><\/li><li data-audiopath=\"https:\/\/www.vojtaviolinist.com\/wp-content\/uploads\/2016\/05\/S4-Eagle.mp3\" data-showloading=\"true\"  data-albumtitle=\"Rhythms of the Valley\" data-albumart=\"https:\/\/www.vojtaviolinist.com\/wp-content\/uploads\/2016\/05\/Front-1-559x559.jpg\"data-trackartists=\"Vojta Violinist\"data-releasedate=\"2019-02-14\" data-tracktitle=\"Eagle\"><a class=\"button\" target=\"_blank\" href=\"https:\/\/vojta.bandcamp.com\/album\/rhythms-of-the-valley\">zakoupit<\/a><\/li><li data-audiopath=\"https:\/\/www.vojtaviolinist.com\/wp-content\/uploads\/2016\/05\/S4-Ravi.mp3\" data-showloading=\"true\"  data-albumtitle=\"Rhythms of the Valley\" data-albumart=\"https:\/\/www.vojtaviolinist.com\/wp-content\/uploads\/2016\/05\/Front-1-559x559.jpg\"data-trackartists=\"Vojta Violinist\"data-releasedate=\"2019-02-14\" data-tracktitle=\"Ravi\"><a class=\"button\" target=\"_blank\" href=\"https:\/\/vojta.bandcamp.com\/album\/rhythms-of-the-valley\">zakoupit<\/a><\/li><li data-audiopath=\"https:\/\/www.vojtaviolinist.com\/wp-content\/uploads\/2016\/05\/S4-Earth-Angel.mp3\" data-showloading=\"true\"  data-albumtitle=\"Rhythms of the Valley\" data-albumart=\"https:\/\/www.vojtaviolinist.com\/wp-content\/uploads\/2016\/05\/Front-1-559x559.jpg\"data-trackartists=\"Vojta Violinist\"data-releasedate=\"2019-02-14\" data-tracktitle=\"Earth Angel\"><a class=\"button\" target=\"_blank\" href=\"https:\/\/vojta.bandcamp.com\/album\/rhythms-of-the-valley\">zakoupit<\/a><\/li><li data-audiopath=\"https:\/\/www.vojtaviolinist.com\/wp-content\/uploads\/2016\/05\/S4-Grandmother.mp3\" data-showloading=\"true\"  data-albumtitle=\"Rhythms of the Valley\" data-albumart=\"https:\/\/www.vojtaviolinist.com\/wp-content\/uploads\/2016\/05\/Front-1-559x559.jpg\"data-trackartists=\"Vojta Violinist\"data-releasedate=\"2019-02-14\" data-tracktitle=\"Grandmother\"><a class=\"button\" target=\"_blank\" href=\"https:\/\/vojta.bandcamp.com\/album\/rhythms-of-the-valley\">zakoupit<\/a><\/li><li data-audiopath=\"https:\/\/www.vojtaviolinist.com\/wp-content\/uploads\/2016\/05\/S4-Grandfather.mp3\" data-showloading=\"true\"  data-albumtitle=\"Rhythms of the Valley\" data-albumart=\"https:\/\/www.vojtaviolinist.com\/wp-content\/uploads\/2016\/05\/Front-1-559x559.jpg\"data-trackartists=\"Vojta Violinist\"data-releasedate=\"2019-02-14\" data-tracktitle=\"Grandfather\"><a class=\"button\" target=\"_blank\" href=\"https:\/\/vojta.bandcamp.com\/album\/rhythms-of-the-valley\">zakoupit<\/a><\/li><li data-audiopath=\"https:\/\/www.vojtaviolinist.com\/wp-content\/uploads\/2016\/05\/S4-Wind-and-Sky.mp3\" data-showloading=\"true\"  data-albumtitle=\"Rhythms of the Valley\" data-albumart=\"https:\/\/www.vojtaviolinist.com\/wp-content\/uploads\/2016\/05\/Front-1-559x559.jpg\"data-trackartists=\"Vojta Violinist\"data-releasedate=\"2019-02-14\" data-tracktitle=\"Wind and Sky\"><a class=\"button\" target=\"_blank\" href=\"https:\/\/vojta.bandcamp.com\/album\/rhythms-of-the-valley\">zakoupit<\/a><\/li><li data-audiopath=\"https:\/\/www.vojtaviolinist.com\/wp-content\/uploads\/2016\/05\/S4-Ooshh.mp3\" data-showloading=\"true\"  data-albumtitle=\"Rhythms of the Valley\" data-albumart=\"https:\/\/www.vojtaviolinist.com\/wp-content\/uploads\/2016\/05\/Front-1-559x559.jpg\"data-trackartists=\"Vojta Violinist\"data-releasedate=\"2019-02-14\" data-tracktitle=\"Ooshh\"><a class=\"button\" target=\"_blank\" href=\"https:\/\/vojta.bandcamp.com\/album\/rhythms-of-the-valley\">zakoupit<\/a><\/li><\/ul>\r\n\t\t\t\t\t<\/div>\r\n\t\t\t\t<\/div>\r\n\t\t\t\t<div class=\"vc_column_container wpb_column vc_col-sm-12\">\r\n\t\t\t\t\t<div class=\"track-title\"><\/div>\r\n\t\t\t\t\t<div class=\"album-title\"><\/div>\r\n\r\n\t\t\t\t\t<div class=\"player\">\r\n\t\t\t\t\t\t<div class=\"currentTime\"><\/div>\r\n\t\t\t\t\t\t<div id=\"arbitrary-instance-69e0dd6f8aa6b-wave\" class=\"wave\"><\/div>\r\n\t\t\t\t\t\t<div class=\"totalTime\"><\/div>\r\n\t\t\t\t\t\t<div class=\"control\">\r\n\t\t\t\t\t\t\t<a class=\"previous\" style=\"opacity:0;\">\r\n\t\t\t\t\t\t\t\t<svg version=\"1.1\" id=\"Layer_1\" xmlns=\"http:\/\/www.w3.org\/2000\/svg\" xmlns:xlink=\"http:\/\/www.w3.org\/1999\/xlink\" x=\"0px\" y=\"0px\" viewbox=\"0 0 10.2 11.7\" style=\"enable-background:new 0 0 10.2 11.7;\" xml:space=\"preserve\">\r\n\t\t\t\t\t\t\t\t\t<polygon points=\"10.2,0 1.4,5.3 1.4,0 0,0 0,11.7 1.4,11.7 1.4,6.2 10.2,11.7\"\/>\r\n\t\t\t\t\t\t\t\t<\/svg>\r\n\t\t\t\t\t\t\t<\/a>\r\n\t\t\t\t\t\t\t<a class=\"play\" style=\"opacity:0;\">\r\n\t\t\t\t\t\t\t\t<svg version=\"1.1\" xmlns=\"http:\/\/www.w3.org\/2000\/svg\" xmlns:xlink=\"http:\/\/www.w3.org\/1999\/xlink\" x=\"0px\" y=\"0px\" viewbox=\"0 0 17.5 21.2\" style=\"enable-background:new 0 0 17.5 21.2;\" xml:space=\"preserve\">\r\n\t\t\t\t\t\t\t\t\t<path d=\"M0,0l17.5,10.9L0,21.2V0z\"\/>\r\n\r\n\t\t\t\t\t\t\t\t\t<rect width=\"6\" height=\"21.2\"\/>\r\n\t\t\t\t\t\t\t\t\t<rect x=\"11.5\" width=\"6\" height=\"21.2\"\/>\r\n\t\t\t\t\t\t\t\t<\/svg>\r\n\t\t\t\t\t\t\t<\/a>\r\n\t\t\t\t\t\t\t<a class=\"next\" style=\"opacity:0;\">\r\n\t\t\t\t\t\t\t\t<svg version=\"1.1\" xmlns=\"http:\/\/www.w3.org\/2000\/svg\" xmlns:xlink=\"http:\/\/www.w3.org\/1999\/xlink\" x=\"0px\" y=\"0px\" viewbox=\"0 0 10.2 11.7\" style=\"enable-background:new 0 0 10.2 11.7;\" xml:space=\"preserve\">\r\n\t\t\t\t\t\t\t\t\t<polygon points=\"0,11.7 8.8,6.4 8.8,11.7 10.2,11.7 10.2,0 8.8,0 8.8,5.6 0,0\"\/>\r\n\t\t\t\t\t\t\t\t<\/svg>\r\n\t\t\t\t\t\t\t<\/a>\r\n\t\t\t\t\t\t<\/div>\r\n\t\t\t\t\t<\/div>\r\n\t\t\t\t<\/div>\r\n\t\t\t\t<\/div><\/article><\/div><\/div><\/div><\/div><div  class=\"vc_row wpb_row vc_row-fluid in_container\"><div class=\"wpb_column vc_column_container vc_col-sm-12\"><div class=\"vc_column-inner\"><div class=\"wpb_wrapper\">\r\n\t<a target=\"_self\" data-hoverbg=\"#ca8837\" data-hoverborder=\"#ca8837\" data-hovertext=\"#ffffff\"  class=\"button-widget center\" href=\"https:\/\/www.vojtaviolinist.com\/en\/diskografie\/\" style=\"padding-left:25px; padding-right:25px; padding-top:10px; padding-bottom:10px; border-width:4px; border-radius:19px; border-color:#ca8837; background-color:; color:#ca8837\">Diskografie<\/a><div class=\"clear button-clear\"><\/div><\/div><\/div><\/div><\/div><div  class=\"vc_row wpb_row vc_row-fluid vc_custom_1699274953922 full_width\"><div class=\"wpb_column vc_column_container vc_col-sm-12\"><div class=\"vc_column-inner vc_custom_1466712125122\"><div class=\"wpb_wrapper\"><h2 style=\"font-size: 17px;color: #dd9933;line-height: 17px;text-align: center\" class=\"vc_custom_heading\">Ud\u00e1losti<\/h2><h3 style=\"font-size: 46px;color: #dd9933;line-height: 46px;text-align: center\" class=\"vc_custom_heading vc_custom_1666791356118 fit_bg_text  fit_bg_center\">Nejbli\u017e\u0161\u00ed term\u00edny<\/h3><div class=\"widget  iron_widget_events\">\r\n\t\t\t\t<ul id=\"post-list\" class=\"concerts-list\">\r\n\r\n<li id=\"post-2147\" class=\"artist-985 artist-1159 artist-990 post-2147 event type-event status-publish has-post-thumbnail hentry events-category-koncerty\">\n\n\t\t<div class=\"event-line-wrap has-artist\">\n\n\n\t<a href=\"https:\/\/www.vojtaviolinist.com\/en\/event\/setkani-spojenych-srdci\/\" class=\"event-link\">\n\t\t\t\t<div class=\"event-line-node\">19. 6. 2026<\/div>\n\t\t<div class=\"event-line-node medium\">Radim, RAN\u010c HOLO\u0160INY<\/div>\n\t\t<div class=\"event-line-node medium\">Setk\u00e1n\u00ed Spojen\u00fdch Srdc\u00ed<\/div>\n\t<\/a>\n\t<\/div>\n\n\t<!-- ========================================= -->\n\n<\/li><li id=\"post-2117\" class=\"artist-985 artist-990 artist-1159 post-2117 event type-event status-publish has-post-thumbnail hentry events-category-koncerty\">\n\n\t\t<div class=\"event-line-wrap has-artist\">\n\n\n\t<a href=\"https:\/\/www.vojtaviolinist.com\/en\/event\/inlakech-festival\/\" class=\"event-link\">\n\t\t\t\t<div class=\"event-line-node\">20. 6. 2026<\/div>\n\t\t<div class=\"event-line-node medium\">K\u0159elov, Pevnost Fort XX<\/div>\n\t\t<div class=\"event-line-node medium\">Inlakech Festival<\/div>\n\t<\/a>\n\t<\/div>\n\n\t<!-- ========================================= -->\n\n<\/li><li id=\"post-2153\" class=\"artist-985 artist-990 artist-1159 post-2153 event type-event status-publish has-post-thumbnail hentry events-category-koncerty\">\n\n\t\t<div class=\"event-line-wrap has-artist\">\n\n\n\t<a href=\"https:\/\/www.vojtaviolinist.com\/en\/event\/utulny-festivalek\/\" class=\"event-link\">\n\t\t\t\t<div class=\"event-line-node\">4. 7. 2026<\/div>\n\t\t<div class=\"event-line-node medium\">Bediho\u0161\u0165, \u00datulna pro du\u0161i a t\u011blo<\/div>\n\t\t<div class=\"event-line-node medium\">\u00datuln\u00fd Festiv\u00e1lek<\/div>\n\t<\/a>\n\t<\/div>\n\n\t<!-- ========================================= -->\n\n<\/li><li id=\"post-2129\" class=\"artist-990 artist-985 artist-1159 post-2129 event type-event status-publish has-post-thumbnail hentry events-category-koncerty\">\n\n\t\t<div class=\"event-line-wrap has-artist\">\n\n\n\t<a href=\"https:\/\/www.vojtaviolinist.com\/en\/event\/festival-in-spirit\/\" class=\"event-link\">\n\t\t\t\t<div class=\"event-line-node\">11. 7. 2026<\/div>\n\t\t<div class=\"event-line-node medium\">Radim, Mezi t\u00f3ny<\/div>\n\t\t<div class=\"event-line-node medium\">Festival IN SPIRIT<\/div>\n\t<\/a>\n\t<\/div>\n\n\t<!-- ========================================= -->\n\n<\/li><li id=\"post-2170\" class=\"artist-990 artist-985 artist-1159 post-2170 event type-event status-publish has-post-thumbnail hentry events-category-koncerty\">\n\n\t\t<div class=\"event-line-wrap has-artist\">\n\n\n\t<a href=\"https:\/\/www.vojtaviolinist.com\/en\/event\/festival-zdravi-pod-hvezdami\/\" class=\"event-link\">\n\t\t\t\t<div class=\"event-line-node\">18. 7. 2026<\/div>\n\t\t<div class=\"event-line-node medium\">Hul\u00edn, Pivovar Z\u00e1hlinice<\/div>\n\t\t<div class=\"event-line-node medium\">Festival Zdrav\u00ed pod hv\u011bzdami<\/div>\n\t<\/a>\n\t<\/div>\n\n\t<!-- ========================================= -->\n\n<\/li><li id=\"post-2150\" class=\"artist-985 artist-990 artist-1159 post-2150 event type-event status-publish has-post-thumbnail hentry events-category-koncerty\">\n\n\t\t<div class=\"event-line-wrap has-artist\">\n\n\n\t<a href=\"https:\/\/www.vojtaviolinist.com\/en\/event\/festival-esence-zivota\/\" class=\"event-link\">\n\t\t\t\t<div class=\"event-line-node\">15. 8. 2026<\/div>\n\t\t<div class=\"event-line-node medium\">Uheln\u00e1 P\u0159\u00edbram, U Sokolovny<\/div>\n\t\t<div class=\"event-line-node medium\">Festival Esence \u017eivota<\/div>\n\t<\/a>\n\t<\/div>\n\n\t<!-- ========================================= -->\n\n<\/li>\r\n\r\n\t\t\t\t<li><\/li>\r\n\t\t\t\t<\/ul>\r\n\r\n<\/div>\r\n\t<a target=\"_self\" data-hoverbg=\"#ca8837\" data-hoverborder=\"#ca8837\" data-hovertext=\"#ffffff\"  class=\"button-widget center\" href=\"https:\/\/www.vojtaviolinist.com\/en\/vsechny-udalosti\/\" style=\"padding-left:25px; padding-right:25px; padding-top:10px; padding-bottom:10px; border-width:4px; border-radius:19px; border-color:#ca8837; background-color:; color:#ca8837\">V\u0161echny ud\u00e1losti<\/a><div class=\"clear button-clear\"><\/div><\/div><\/div><\/div><div class=\"wpb_column vc_column_container vc_col-sm-12\"><div class=\"vc_column-inner\"><div class=\"wpb_wrapper\"><\/div><\/div><\/div><\/div><div  class=\"vc_row wpb_row vc_row-fluid vc_custom_1466610079751 in_container\"><div class=\"wpb_column vc_column_container vc_col-sm-12\"><div class=\"vc_column-inner\"><div class=\"wpb_wrapper\"><h2 style=\"font-size: 17px;color: #ca8837;line-height: 17px;text-align: center\" class=\"vc_custom_heading\">Nejnov\u011bj\u0161\u00ed video<\/h2><h3 style=\"font-size: 46px;color: #ca8837;line-height: 46px;text-align: center\" class=\"vc_custom_heading vc_custom_1689203723822\">Celtic Moon song - Festival in \u00datulna (CZ)<\/h3>\n\t<div class=\"wpb_video_widget wpb_content_element vc_clearfix   vc_custom_1689203509409 vc_video-aspect-ratio-169 vc_video-el-width-100 vc_video-align-center\" >\n\t\t<div class=\"wpb_wrapper\">\n\t\t\t\n\t\t\t<div class=\"wpb_video_wrapper\"><iframe loading=\"lazy\" title=\"Vojta Violinist - Celtic Moon song - Festival in \u00datulna (CZ) - live looping\" width=\"1144\" height=\"644\" src=\"https:\/\/www.youtube.com\/embed\/mfxzTUa0h9Q?feature=oembed\" frameborder=\"0\" allow=\"accelerometer; autoplay; clipboard-write; encrypted-media; gyroscope; picture-in-picture; web-share\" referrerpolicy=\"strict-origin-when-cross-origin\" allowfullscreen><\/iframe><\/div>\n\t\t<\/div>\n\t<\/div>\n\r\n\t<a target=\"_self\" data-hoverbg=\"#ca8837\" data-hoverborder=\"#ca8837\" data-hovertext=\"#ffffff\"  class=\"button-widget center\" href=\"https:\/\/www.vojtaviolinist.com\/en\/videa\/\" style=\"padding-left:25px; padding-right:25px; padding-top:10px; padding-bottom:10px; border-width:4px; border-radius:19px; border-color:#ca8837; background-color:; color:#ca8837\">Dal\u0161\u00ed videa<\/a><div class=\"clear button-clear\"><\/div><\/div><\/div><\/div><\/div><div  class=\"vc_row wpb_row vc_row-fluid vc_custom_1669710806096 full_width tabletnopadding mobilenopadding\"><div class=\"wpb_column vc_column_container vc_col-sm-12\"><div class=\"vc_column-inner\"><div class=\"wpb_wrapper\"><h3 style=\"font-size: 46px;color: #ffffff;line-height: 46px;text-align: center\" class=\"vc_custom_heading vc_custom_1749376908481 fit_bg_text  fit_bg_center\">Vojta Violinist<\/h3><div  class=\"vc_row wpb_row vc_inner vc_row-fluid  bg-center-bottom vc_row wpb_row vc_inner  bg-center-bottom in_container\"><div class=\"wpb_column vc_column_container vc_col-sm-12 vc_col-has-fill\"><div class=\"vc_column-inner vc_custom_1668982424186\"><div class=\"wpb_wrapper\">\n\t<div class=\"wpb_text_column wpb_content_element  vc_custom_1749376716850\" >\n\t\t<div class=\"wpb_wrapper\">\n\t\t\t<p class=\"p1\"><span style=\"color: #ffffff;\"><span class=\"s1\">Vojta je multiinstrumentalista a skladatel, kter\u00fd <\/span><span class=\"s2\">za pomoc\u00ed looperu vytv\u00e1\u0159\u00ed hudbu, kdy kombinuje housle, didgeridoo, \u0159eck\u00e9 buzuki, fl\u00e9tny a perkuse do n\u00e1dhern\u00fdch skladeb a <\/span><span class=\"s3\">nezam\u011bniteln\u00fdch harmoni\u00ed.<\/span><span class=\"s2\"> Zn\u00ed to t\u00e9m\u011b\u0159 jako by hr\u00e1la cel\u00e1 kapela. N<\/span><span class=\"s3\">a p\u00f3diu tak\u00e9 \u010dasto vznikaj\u00ed neopakovateln\u00e9 improvizovan\u00e9 pas\u00e1\u017ee. <\/span><span class=\"s1\">V\u00fdsledkem je osobit\u00fd hudebn\u00ed proud, propojuj\u00edc\u00ed world music, keltsk\u00e9 a etnick\u00e9 motivy s p\u0159\u00edrodn\u00edmi rytmy a hlubokou vnit\u0159n\u00ed n\u00e1ladou.<\/span><\/span><\/p>\n<p class=\"p1\"><span class=\"s1\" style=\"color: #ffffff;\">Na vystoupen\u00ed jej doprov\u00e1z\u00ed zp\u011bva\u010dka <b>Myrith<\/b>, kter\u00e1 do hudby vn\u00e1\u0161\u00ed jemnost, \u017eenskou hloubku, intuitivn\u00ed hlasov\u00fd projev i rytmickou podporu. Jej\u00ed hlas v harmonii s Vojtov\u00fdm zp\u011bvem vytv\u00e1\u0159\u00ed jedine\u010dn\u00fd mu\u017esko-\u017eensk\u00fd dvojhlas, kter\u00fd rozezn\u00ed srdce i prostor.<\/span><\/p>\n<p class=\"p1\"><span class=\"s1\" style=\"color: #ffffff;\">P\u0159\u00edle\u017eitostn\u011b s nimi vystupuje i buben\u00edk <b>Viktor Vlk<\/b>, kter\u00fd sv\u00fdm dynamick\u00fdm rytmem roz\u0161i\u0159uje zvukov\u00e9 spektrum koncertu o pulzuj\u00edc\u00ed energii. Jeho hra rozh\u00fdbe publikum a vytv\u00e1\u0159\u00ed pevnou oporu pro tane\u010dn\u011b lad\u011bn\u00e9 pas\u00e1\u017ee.<\/span><\/p>\n<p class=\"p1\"><span style=\"color: #ffffff;\"><span class=\"s1\"> Spole\u010dn\u011b tvo\u0159\u00ed hudebn\u00ed z\u00e1\u017eitek, kter\u00fd propojuje srdce, t\u011blo i ducha \u2013 zve k tich\u00e9mu soust\u0159ed\u011bn\u00ed i \u017eiv\u00e9mu pohybu.<\/span><\/span><\/p>\n<p class=\"p1\"><span class=\"s1\" style=\"color: #ffffff;\">Krom\u011b koncertov\u00e1n\u00ed na p\u00f3diu se Vojta s Myrith spole\u010dn\u011b v\u011bnuj\u00ed i dal\u0161\u00edmu projektu, kter\u00fd se jmenuje \u201cHudebn\u00ed L\u00e1zn\u011b\u201d. Jedn\u00e1 se o hudebn\u00ed relaxaci a meditaci, kde se snoub\u00ed t\u00f3ny a zvuky r\u016fzn\u00fdch n\u00e1stroj\u016f jako jsou didgeridoo, handpan, fl\u00e9tny, tibetsk\u00e9 m\u00edsy, \u0161amansk\u00e9 bubny, chrast\u00edtka, zp\u011bv a mnoho dal\u0161\u00edch muziko-terapeutick\u00fdch n\u00e1stroj\u016f. Je to spojen\u00ed p\u0159irozen\u00e9 l\u00e9\u010div\u00e9 podstaty zvuku s hudebn\u011b a um\u011blecky lad\u011bn\u00fdm proudem hudby. <\/span><\/p>\n<p class=\"p1\"><span class=\"s1\" style=\"color: #ffffff;\">Lid\u00e9 zde \u010dasto nach\u00e1zej\u00ed prostor pro hlubok\u00e9 uvoln\u011bn\u00ed, b\u00e1d\u00e1n\u00ed ve sv\u00e9m nitru a na\u010derp\u00e1n\u00ed nov\u00fdch sil.<\/span><\/p>\n\n\t\t<\/div>\n\t<\/div>\n<\/div><\/div><\/div><\/div>\r\n\t<a target=\"_blank\" data-hoverbg=\"#ca8837\" data-hoverborder=\"#ca8837\" data-hovertext=\"#ffffff\"  class=\"button-widget center\" href=\"https:\/\/www.vojtaviolinist.com\/en\/artist\/vojta-violinist\/\" style=\"padding-left:25px; padding-right:25px; padding-top:10px; padding-bottom:10px; border-width:4px; border-radius:19px; border-color:#ffffff; background-color:; color:#ffffff\">V\u00edce o Vojtovi<\/a><div class=\"clear button-clear\"><\/div>\r\n\t<a target=\"_blank\" data-hoverbg=\"#ca8837\" data-hoverborder=\"#ca8837\" data-hovertext=\"#ffffff\"  class=\"button-widget center\" href=\"https:\/\/www.myrith.cz\" style=\"padding-left:25px; padding-right:25px; padding-top:10px; padding-bottom:10px; border-width:4px; border-radius:19px; border-color:#ffffff; background-color:; color:#ffffff\">V\u00edce o Myrith<\/a><div class=\"clear button-clear\"><\/div>\r\n\t<a target=\"_blank\" data-hoverbg=\"#ca8837\" data-hoverborder=\"#ca8837\" data-hovertext=\"#ffffff\"  class=\"button-widget center\" href=\"https:\/\/www.vojtaviolinist.com\/en\/artist\/viktor-vlk\/\" style=\"padding-left:25px; padding-right:25px; padding-top:10px; padding-bottom:10px; border-width:4px; border-radius:19px; border-color:#ffffff; background-color:; color:#ffffff\">V\u00edce o Viktorovi<\/a><div class=\"clear button-clear\"><\/div><\/div><\/div><\/div><\/div><div  class=\"vc_row wpb_row vc_row-fluid vc_custom_1665501193487 full_width\"><div class=\"wpb_column vc_column_container vc_col-sm-12 vc_col-xs-12\"><div class=\"vc_column-inner\"><div class=\"wpb_wrapper\">\n\t<div class=\"wpb_raw_code wpb_content_element wpb_raw_html\" >\n\t\t<div class=\"wpb_wrapper\">\n\t\t\t<script>\n        (function (w,d,s,o,f,js,fjs) {\n            w['ecm-widget']=o;w[o] = w[o] || function () { (w[o].q = w[o].q || []).push(arguments) };\n            js = d.createElement(s), fjs = d.getElementsByTagName(s)[0];\n            js.id = '1-43c2cd496486bcc27217c3e790fb4088'; js.dataset.a = 'vojtaviolinist'; js.src = f; js.async = 1; fjs.parentNode.insertBefore(js, fjs);\n        }(window, document, 'script', 'ecmwidget', 'https:\/\/d70shl7vidtft.cloudfront.net\/widget.js'));\n    <\/script>\n            <div id=\"f-1-43c2cd496486bcc27217c3e790fb4088\"><\/div>\n\t\t<\/div>\n\t<\/div>\n<\/div><\/div><\/div><\/div>\n<\/section>","protected":false},"excerpt":{"rendered":"Festival Esence \u017eivota je oslavou jedine\u010dn\u00e9 esence ka\u017ed\u00e9ho z n\u00e1s. Setk\u00e1me se na kr\u00e1sn\u00e9m m\u00edst\u011b v p\u0159\u00edrod\u011b, v srdci Vyso\u010diny, kde spole\u010dn\u011b vytvo\u0159\u00edme prostor pro radost, sd\u00edlen\u00ed a inspiraci. Ka\u017ed\u00fd je v\u00edt\u00e1n \u2013 ka\u017ed\u00fd z n\u00e1s obohat\u00ed festival svou jedine\u010dnou energi\u00ed. \u010cek\u00e1 n\u00e1s neopakovateln\u00fd den pln\u00fd hudby, zp\u011bvu, rytmu a tance, v\u016fn\u00ed, uvoln\u011bn\u00ed a radosti. Spole\u010dn\u011b nam\u00edch\u00e1me jedine\u010dn\u00fd esenci\u00e1ln\u00ed koktejl z\u00e1\u017eitk\u016f. T\u011b\u0161it se m\u016f\u017eete na \u00fa\u017easn\u00e9 hosty a interprety, zaj\u00edmav\u00e1 pov\u00edd\u00e1n\u00ed, malov\u00e1n\u00ed i prostor pro tvo\u0159en\u00ed. Sou\u010d\u00e1st\u00ed festivalu bude tak\u00e9 [...]","protected":false},"author":1,"featured_media":0,"parent":0,"menu_order":7,"comment_status":"closed","ping_status":"closed","template":"","meta":{"_acf_changed":false,"footnotes":""},"acf":[],"_links":{"self":[{"href":"https:\/\/www.vojtaviolinist.com\/en\/wp-json\/wp\/v2\/pages\/12"}],"collection":[{"href":"https:\/\/www.vojtaviolinist.com\/en\/wp-json\/wp\/v2\/pages"}],"about":[{"href":"https:\/\/www.vojtaviolinist.com\/en\/wp-json\/wp\/v2\/types\/page"}],"author":[{"embeddable":true,"href":"https:\/\/www.vojtaviolinist.com\/en\/wp-json\/wp\/v2\/users\/1"}],"replies":[{"embeddable":true,"href":"https:\/\/www.vojtaviolinist.com\/en\/wp-json\/wp\/v2\/comments?post=12"}],"version-history":[{"count":336,"href":"https:\/\/www.vojtaviolinist.com\/en\/wp-json\/wp\/v2\/pages\/12\/revisions"}],"predecessor-version":[{"id":2108,"href":"https:\/\/www.vojtaviolinist.com\/en\/wp-json\/wp\/v2\/pages\/12\/revisions\/2108"}],"wp:attachment":[{"href":"https:\/\/www.vojtaviolinist.com\/en\/wp-json\/wp\/v2\/media?parent=12"}],"curies":[{"name":"wp","href":"https:\/\/api.w.org\/{rel}","templated":true}]}}